{"id":7001,"date":"2022-11-24T23:55:03","date_gmt":"2022-11-24T23:55:03","guid":{"rendered":"http:\/\/demos.nucleoperu.com\/?page_id=7001"},"modified":"2025-01-24T01:25:13","modified_gmt":"2025-01-24T01:25:13","slug":"resultados-del-proyecto","status":"publish","type":"page","link":"https:\/\/agroecologicos-amazonas.com\/proyecto-fund\/resultados-del-proyecto\/","title":{"rendered":"Resultados del Proyecto"},"content":{"rendered":"\t\t<div data-elementor-type=\"wp-page\" data-elementor-id=\"7001\" class=\"elementor elementor-7001\" data-elementor-post-type=\"page\">\n\t\t\t\t\t\t<section class=\"elementor-section elementor-top-section elementor-element elementor-element-99fa060 elementor-section-boxed elementor-section-height-default elementor-section-height-default\" data-id=\"99fa060\" data-element_type=\"section\">\n\t\t\t\t\t\t<div class=\"elementor-container elementor-column-gap-default\">\n\t\t\t\t\t<div class=\"elementor-column elementor-col-100 elementor-top-column elementor-element elementor-element-9e2c35c\" data-id=\"9e2c35c\" data-element_type=\"column\">\n\t\t\t<div class=\"elementor-widget-wrap elementor-element-populated\">\n\t\t\t\t\t\t<div class=\"elementor-element elementor-element-2311a04 elementor-widget elementor-widget-image\" data-id=\"2311a04\" data-element_type=\"widget\" data-widget_type=\"image.default\">\n\t\t\t\t<div class=\"elementor-widget-container\">\n\t\t\t\t\t\t\t\t\t\t\t\t\t\t\t<img decoding=\"async\" src=\"http:\/\/demos.nucleoperu.com\/wp-content\/uploads\/2022\/11\/grafico.png\" title=\"\" alt=\"\" loading=\"lazy\" \/>\t\t\t\t\t\t\t\t\t\t\t\t\t\t\t<\/div>\n\t\t\t\t<\/div>\n\t\t\t\t\t<\/div>\n\t\t<\/div>\n\t\t\t\t\t<\/div>\n\t\t<\/section>\n\t\t\t\t<section class=\"elementor-section elementor-top-section elementor-element elementor-element-54b52cd elementor-section-boxed elementor-section-height-default elementor-section-height-default\" data-id=\"54b52cd\" data-element_type=\"section\">\n\t\t\t\t\t\t<div class=\"elementor-container elementor-column-gap-default\">\n\t\t\t\t\t<div class=\"elementor-column elementor-col-100 elementor-top-column elementor-element elementor-element-a81b975\" data-id=\"a81b975\" data-element_type=\"column\">\n\t\t\t<div class=\"elementor-widget-wrap elementor-element-populated\">\n\t\t\t\t\t\t<div class=\"elementor-element elementor-element-aeb0cf8 elementor-widget elementor-widget-text-editor\" data-id=\"aeb0cf8\" data-element_type=\"widget\" data-widget_type=\"text-editor.default\">\n\t\t\t\t<div class=\"elementor-widget-container\">\n\t\t\t\t\t\t\t\t\t<h3><strong><span style=\"color: #0000ff;\">Los Resultados durante los 2 a\u00f1os de duraci\u00f3n del Proyecto<\/span><\/strong>:\u00a0<em style=\"color: inherit; font-family: inherit; font-size: 1.25rem; letter-spacing: -0.01em;\"><span style=\"color: #008080;\">Fortaleciendo los sistemas alimentario con la producci\u00f3n agroecol\u00f3gica en las Regiones Amazonas, Cajamarca y Ayacucho<\/span><\/em><\/h3>\t\t\t\t\t\t\t\t<\/div>\n\t\t\t\t<\/div>\n\t\t\t\t\t<\/div>\n\t\t<\/div>\n\t\t\t\t\t<\/div>\n\t\t<\/section>\n\t\t\t\t<section class=\"elementor-section elementor-top-section elementor-element elementor-element-b22d04a elementor-section-boxed elementor-section-height-default elementor-section-height-default\" data-id=\"b22d04a\" data-element_type=\"section\">\n\t\t\t\t\t\t<div class=\"elementor-container elementor-column-gap-default\">\n\t\t\t\t\t<div class=\"elementor-column elementor-col-50 elementor-top-column elementor-element elementor-element-acf00b0\" data-id=\"acf00b0\" data-element_type=\"column\">\n\t\t\t<div class=\"elementor-widget-wrap elementor-element-populated\">\n\t\t\t\t\t\t<div class=\"elementor-element elementor-element-5ea7840 elementor-widget elementor-widget-text-editor\" data-id=\"5ea7840\" data-element_type=\"widget\" data-widget_type=\"text-editor.default\">\n\t\t\t\t<div class=\"elementor-widget-container\">\n\t\t\t\t\t\t\t\t\t<h3><strong><em><span style=\"color: #3366ff;\">R1.- Se han mejorado sus sistemas de\u00a0<span style=\"font-family: inherit; font-size: 1.25rem; letter-spacing: -0.01em;\">producci\u00f3n agroecol\u00f3gica las\u00a0<\/span><span style=\"font-family: inherit; font-size: 1.25rem; letter-spacing: -0.01em;\">9\u00a0Organizaciones, incorporan innovaciones tecnol\u00f3gicas y acceden a certificaci\u00f3n agroecol\u00f3gica. Esta obtenci\u00f3n\u00a0<\/span><span style=\"font-family: inherit; font-size: 1.25rem; letter-spacing: -0.01em;\">de resultados pasa por desarrollar un sistema de producci\u00f3n sostenible de\u00a0<\/span><span style=\"font-family: inherit; font-size: 1.25rem; letter-spacing: -0.01em;\">valor en origen se convierte en una potencial oportunidad para las\u00a0<\/span><span style=\"font-family: inherit; font-size: 1.25rem; letter-spacing: -0.01em;\">organizaciones productoras de alimentos saludables<\/span><\/span><\/em><\/strong><\/h3>\t\t\t\t\t\t\t\t<\/div>\n\t\t\t\t<\/div>\n\t\t\t\t\t<\/div>\n\t\t<\/div>\n\t\t\t\t<div class=\"elementor-column elementor-col-50 elementor-top-column elementor-element elementor-element-75012ca\" data-id=\"75012ca\" data-element_type=\"column\">\n\t\t\t<div class=\"elementor-widget-wrap elementor-element-populated\">\n\t\t\t\t\t\t<div class=\"elementor-element elementor-element-2f876e6 elementor-widget elementor-widget-text-editor\" data-id=\"2f876e6\" data-element_type=\"widget\" data-widget_type=\"text-editor.default\">\n\t\t\t\t<div class=\"elementor-widget-container\">\n\t\t\t\t\t\t\t\t\t<div><strong><span style=\"color: #0000ff;\">\u00a0 \u00a0 \u00a0 \u00a0 \u00a0 \u00a0 \u00a0 \u00a0 \u00a0 \u00a0 \u00a0 \u00a0 \u00a0 \u00a0 \u00a0 \u00a0 \u00a0 \u00a0 \u00a0 \u00a0 \u00a0 \u00a0RESULTADOS DE IMPACTOS CON EL PROYECTO<\/span><\/strong><\/div><ul><li>Al final del Proyecto Logramos apoyar a <strong>16<\/strong>\u00a0<span style=\"color: var( --e-global-color-text ); font-weight: var( --e-global-typography-text-font-weight ); font-size: 0.875em; letter-spacing: -0.01em;\">Organizaciones Territoriales a <strong>1127<\/strong> beneficiarios a mujeres 185 , varones<strong> 167<\/strong>, JOVENES varones\u00a0<\/span><span style=\"color: var( --e-global-color-text ); font-weight: var( --e-global-typography-text-font-weight ); font-size: 0.875em; letter-spacing: -0.01em;\"><strong>81<\/strong> j\u00f3venes mujeres <strong>77<\/strong>, pueblos originarios\u00a0<\/span><span style=\"color: var( --e-global-color-text ); font-weight: var( --e-global-typography-text-font-weight ); font-size: 0.875em; letter-spacing: -0.01em;\">varones <strong>383,<\/strong> mujeres ind\u00edgenas <strong>236<\/strong> fortalecidos sus capacidades t\u00e9cnicas en sistemas de producci\u00f3n agroecol\u00f3gica ( Cacao, Pl\u00e1tano, Hortalizas, Tomate, crianza de cuyes)<\/span><\/li><li>Al concluir del proyecto logramos capacitar con las Escuelas de campo ECAs \u00a0logramos <strong>8 <\/strong>promociones alcanzando <strong>a 678 <\/strong>promotoras \/promotores entre mujeres y varones la gran parte fueron de comunidades nativas del pueblos originarios de Awajum<\/li><li><span style=\"color: var( --e-global-color-text ); font-family: var( --e-global-typography-text-font-family ), Sans-serif; font-weight: var( --e-global-typography-text-font-weight ); font-size: 0.875em; letter-spacing: -0.01em;\">Logramos 3 programas de Intercambio con resultados muy valios, por lo menos movilizando a 180 productores\/productoras promoci\u00f3n de cuyes, 2 promoci\u00f3n de hortalizas y una promoci\u00f3n de pl\u00e1tano y cacao.<\/span><\/li><li>Con la realizaci\u00f3n del festival Regional de legumbres se logr\u00f3 Concentrar los 62 eco tipos de frijoles, chochos, y pallares instalando junto con aliados \u00a0un ECOMUSEO comunitario con fines de recuperaci\u00f3n y promoci\u00f3n semillas de legumbres, son \u00fanicas propuestas que se pueda calar en el futuro, por cierto, falta caracterizar la parte cient\u00edfica<br \/><table><tbody><tr><td width=\"322\"><p>Asesor\u00eda t\u00e9cnica en cada Regi\u00f3n fortalecieron a trav\u00e9s de consultores especializados; as\u00ed mismo se logr\u00f3 firmar un convenio de marco con la UNTRM para darles aval acad\u00e9mico a las escuelas de campo. Tambi\u00e9n contamos con aliados estrat\u00e9gicos como los Gobiernos locales, INIA, SENASA\u00a0<\/p><\/td><\/tr><tr><td width=\"322\"><p>Con el proyecto se logr\u00f3 implementar con Kist de herramientas necesarias para las r\u00e9plicas de pr\u00e1cticas agroecol\u00f3gicas con resultados \u00f3ptimos\u00a0<span style=\"background-color: transparent; color: var( --e-global-color-text ); font-weight: var( --e-global-typography-text-font-weight ); font-size: 0.875em; letter-spacing: -0.01em;\">hacia la sostenibilidad<\/span><\/p><\/td><\/tr><tr><td width=\"322\"><p>Informaci\u00f3n de comunicaci\u00f3n de productores y\u00a0<span style=\"background-color: transparent; color: var( --e-global-color-text ); font-weight: var( --e-global-typography-text-font-weight ); font-size: 0.875em; letter-spacing: -0.01em;\">p\u00fablico logramos avanzar en un programa de woord press <\/span><a style=\"font-weight: var( --e-global-typography-text-font-weight ); font-size: 0.875em; letter-spacing: -0.01em;\" href=\"http:\/\/agroecology.tourskuelap.org\/\">http:\/\/agroecology.tourskuelap.org\/ \u00a0Que<\/a><span style=\"background-color: transparent; color: var( --e-global-color-text ); font-weight: var( --e-global-typography-text-font-weight ); font-size: 0.875em; letter-spacing: -0.01em;\"> estamos ingresando informaciones y videos<\/span><\/p><p>Contamos con un cat\u00e1logo de productos procesados, hortalizas, harinas <a href=\"http:\/\/www.frutosdelatierra.com\/\">www.frutosdelatierra.com<\/a><\/p><\/td><\/tr><tr><td width=\"322\"><p>Construcci\u00f3n de plataforma digital esta en\u00a0procesos de construcci\u00f3n por ende no se avanzado<\/p><\/td><\/tr><tr><td width=\"322\"><p>Aprobaci\u00f3n del SGP \u00a0con R.M 003-MIDAGRI 2023 aprobaci\u00f3n de legitimidad del SGP en el Per\u00fa. Nos abre nuevo camino de estrategias de implementaci\u00f3n, adopci\u00f3n en algunos casos.<\/p><p>ANPE preside la presidencia de consejo nacional de SGP que ser\u00e1 nuevo reto de hacer funcionar con la actual Norma ministerial.<\/p><p>Una plataforma de Agroecolog\u00eda y hambre cero funcionando con 12 instituciones de la sociedad<\/p><p>Los \u00faltimos meses mediante las reuniones de\u00a0<span style=\"background-color: transparent; color: var( --e-global-color-text ); font-weight: var( --e-global-typography-text-font-weight ); font-size: 0.875em; letter-spacing: -0.01em;\">dialogo con autoridades estamos reflexionando sobre uno de los problemas m\u00e1s relevantes como deforestaci\u00f3n, estractivismo que genera grandes p\u00e9rdidas, forestales por concesiones autorizadas por el estado.\u00a0\u00a0<\/span><span style=\"background-color: transparent; color: var( --e-global-color-text ); font-size: 0.875em; font-weight: var( --e-global-typography-text-font-weight ); letter-spacing: -0.01em;\">ANPE PER\u00da estamos en la primera l\u00ednea de la batalla contra la deforestaci\u00f3n, crisis clim\u00e1tica, preservando la diversidad alimentaria de los pueblos originarios<\/span><\/p><\/td><\/tr><\/tbody><\/table><\/li><\/ul>\t\t\t\t\t\t\t\t<\/div>\n\t\t\t\t<\/div>\n\t\t\t\t\t<\/div>\n\t\t<\/div>\n\t\t\t\t\t<\/div>\n\t\t<\/section>\n\t\t\t\t<section class=\"elementor-section elementor-top-section elementor-element elementor-element-f0987f1 elementor-section-boxed elementor-section-height-default elementor-section-height-default\" data-id=\"f0987f1\" data-element_type=\"section\">\n\t\t\t\t\t\t<div class=\"elementor-container elementor-column-gap-default\">\n\t\t\t\t\t<div class=\"elementor-column elementor-col-50 elementor-top-column elementor-element elementor-element-5105240\" data-id=\"5105240\" data-element_type=\"column\">\n\t\t\t<div class=\"elementor-widget-wrap elementor-element-populated\">\n\t\t\t\t\t\t<div class=\"elementor-element elementor-element-b0c98a9 elementor-widget__width-initial elementor-widget elementor-widget-text-editor\" data-id=\"b0c98a9\" data-element_type=\"widget\" data-widget_type=\"text-editor.default\">\n\t\t\t\t<div class=\"elementor-widget-container\">\n\t\t\t\t\t\t\t\t\t<h3><strong><span style=\"color: #0000ff;\">R2 Cadena de valor de productos\u00a0ecol\u00f3gicos mejora su nivel de competitividad\u00a0con nuevas innovaciones tecnol\u00f3gicas digitales hacia los mercados locales, regionales, nacional y acceden a certificaci\u00f3n ecol\u00f3gica SGP e identifica con la Marca Colectiva Frutos de la\u00a0Tierra\u00a0<\/span><\/strong><\/h3>\t\t\t\t\t\t\t\t<\/div>\n\t\t\t\t<\/div>\n\t\t\t\t\t<\/div>\n\t\t<\/div>\n\t\t\t\t<div class=\"elementor-column elementor-col-50 elementor-top-column elementor-element elementor-element-9b61e3b\" data-id=\"9b61e3b\" data-element_type=\"column\">\n\t\t\t<div class=\"elementor-widget-wrap elementor-element-populated\">\n\t\t\t\t\t\t<div class=\"elementor-element elementor-element-3fabf66 elementor-widget elementor-widget-text-editor\" data-id=\"3fabf66\" data-element_type=\"widget\" data-widget_type=\"text-editor.default\">\n\t\t\t\t<div class=\"elementor-widget-container\">\n\t\t\t\t\t\t\t\t\t<p>\u00a0<\/p><table><tbody><tr><td width=\"322\"><p>\u2022 Se el dialogo con los actores del comercio de circuitos cortos de la comercializaci\u00f3n grupos focales de consumidores, autoridades, con las lideresas y lideres de la eco ferias, logrando compromisos de continuidad de las Eco ferias locales.<\/p><p>\u2022 Compromiso con la Municipalidad de Luya y Chachapoyas para las Ecoferias permanentes en el mercado puestos de ventas fijas<\/p><\/td><\/tr><tr><td width=\"322\"><p>\u2022 Mas 449 Productoras y productores moviliza las<\/p><p>4 Ecoferias y logr\u00f3 mejorar sus econom\u00edas familiares y regionales.<\/p><p>\u2022 Reconocimiento de las autoridades del fomento y promoci\u00f3n de sistemas alimentarios sanos si agroqu\u00edmicos para las poblaciones en general<\/p><\/td><\/tr><tr><td width=\"322\"><p>\u2022 Empoderamiento de productoras y productores en gesti\u00f3n, presentaci\u00f3n de productos organizadas.<\/p><p>\u2022 Estrategia de Ventas o de Comercializaci\u00f3n del producto, est\u00e1 desarrollado de acuerdo a la din\u00e1mica y la tendencia de los diferentes niveles de mercados local, considerando la capacidad de la Oferta productiva.<\/p><table><tbody><tr><td width=\"321\"><p>\u2022 Logro Importante es innovaci\u00f3n los APUS de comunidades de Awajum ingresa a circuitos cortos de comercializaci\u00f3n, Ecoferia Awajum significa mucho para ellos\/ellas comercializaci\u00f3n directa de pueblos originarios<\/p><\/td><\/tr><tr><td width=\"321\"><p>\u2022 Los talleres de innovaci\u00f3n tecnol\u00f3gica brindada por el proyecto van tomando una creciente aceptaci\u00f3n por parte de los productores beneficiarios, ellos van adoptando estas innovaciones en la Eco ferias.<\/p><\/td><\/tr><tr><td width=\"321\"><p>\u2022 Mesas de trabajo con funcionarios estrat\u00e9gicos y autoridades regionales y nacionales sobre el SGP dio origen de legalizaci\u00f3n de los SGPs<\/p><\/td><\/tr><tr><td width=\"321\"><p>\u2022 Articulaci\u00f3n comercial de cadenas la producci\u00f3n de cacao con Pueblos originarios y la<\/p><p>Cooperativa YAKATHEO permiti\u00f3 colocar 10 mil<\/p><p>Tm de producci\u00f3n de cacao a precio promedio cacao fresco 12.00 soles a un pr\u00f3ximos a\u00f1os con las nuevas tecnolog\u00edas implementadas aumentaran a un 30% de sus producciones.<\/p><p>\u2022 Un canal nacional de comercializaci\u00f3n a tarvez Online por via <a href=\"http:\/\/www.frutosdelatierra.com\">www.frutosdelatierra.com<\/a> Iniciando las ventas de frejoles.<\/p><p><span style=\"color: #ff9900;\">NOTA: se deas leer todo el documento encontraras en archivo de documentos<\/span><\/p><\/td><\/tr><\/tbody><\/table><\/td><\/tr><\/tbody><\/table>\t\t\t\t\t\t\t\t<\/div>\n\t\t\t\t<\/div>\n\t\t\t\t\t<\/div>\n\t\t<\/div>\n\t\t\t\t\t<\/div>\n\t\t<\/section>\n\t\t\t\t<\/div>\n\t\t","protected":false},"excerpt":{"rendered":"<p>Los Resultados durante los 2 a\u00f1os de duraci\u00f3n del Proyecto:\u00a0Fortaleciendo los sistemas alimentario con la producci\u00f3n agroecol\u00f3gica en las Regiones Amazonas, Cajamarca y Ayacucho R1.- Se<span class=\"excerpt-hellip\"> [\u2026]<\/span><\/p>\n","protected":false},"author":2,"featured_media":0,"parent":0,"menu_order":0,"comment_status":"closed","ping_status":"closed","template":"","meta":{"footnotes":""},"class_list":["post-7001","page","type-page","status-publish","hentry"],"_links":{"self":[{"href":"https:\/\/agroecologicos-amazonas.com\/proyecto-fund\/wp-json\/wp\/v2\/pages\/7001","targetHints":{"allow":["GET"]}}],"collection":[{"href":"https:\/\/agroecologicos-amazonas.com\/proyecto-fund\/wp-json\/wp\/v2\/pages"}],"about":[{"href":"https:\/\/agroecologicos-amazonas.com\/proyecto-fund\/wp-json\/wp\/v2\/types\/page"}],"author":[{"embeddable":true,"href":"https:\/\/agroecologicos-amazonas.com\/proyecto-fund\/wp-json\/wp\/v2\/users\/2"}],"replies":[{"embeddable":true,"href":"https:\/\/agroecologicos-amazonas.com\/proyecto-fund\/wp-json\/wp\/v2\/comments?post=7001"}],"version-history":[{"count":22,"href":"https:\/\/agroecologicos-amazonas.com\/proyecto-fund\/wp-json\/wp\/v2\/pages\/7001\/revisions"}],"predecessor-version":[{"id":7386,"href":"https:\/\/agroecologicos-amazonas.com\/proyecto-fund\/wp-json\/wp\/v2\/pages\/7001\/revisions\/7386"}],"wp:attachment":[{"href":"https:\/\/agroecologicos-amazonas.com\/proyecto-fund\/wp-json\/wp\/v2\/media?parent=7001"}],"curies":[{"name":"wp","href":"https:\/\/api.w.org\/{rel}","templated":true}]}}