{"id":6999,"date":"2022-11-24T23:52:34","date_gmt":"2022-11-24T23:52:34","guid":{"rendered":"http:\/\/demos.nucleoperu.com\/?page_id=6999"},"modified":"2025-06-18T15:07:12","modified_gmt":"2025-06-18T15:07:12","slug":"actividades","status":"publish","type":"page","link":"https:\/\/agroecologicos-amazonas.com\/proyecto-fund\/actividades\/","title":{"rendered":"Actividades"},"content":{"rendered":"\t\t<div data-elementor-type=\"wp-page\" data-elementor-id=\"6999\" class=\"elementor elementor-6999\" data-elementor-post-type=\"page\">\n\t\t\t\t\t\t<section class=\"elementor-section elementor-top-section elementor-element elementor-element-4cb81f1 elementor-section-boxed elementor-section-height-default elementor-section-height-default\" data-id=\"4cb81f1\" data-element_type=\"section\">\n\t\t\t\t\t\t<div class=\"elementor-container elementor-column-gap-default\">\n\t\t\t\t\t<div class=\"elementor-column elementor-col-100 elementor-top-column elementor-element elementor-element-0cf018e\" data-id=\"0cf018e\" data-element_type=\"column\">\n\t\t\t<div class=\"elementor-widget-wrap elementor-element-populated\">\n\t\t\t\t\t\t<div class=\"elementor-element elementor-element-c2a97e5 elementor-widget elementor-widget-heading\" data-id=\"c2a97e5\" data-element_type=\"widget\" data-widget_type=\"heading.default\">\n\t\t\t\t<div class=\"elementor-widget-container\">\n\t\t\t\t\t<h2 class=\"elementor-heading-title elementor-size-default\">Nuestras Ultimas Actividades<\/h2>\t\t\t\t<\/div>\n\t\t\t\t<\/div>\n\t\t\t\t<div class=\"elementor-element elementor-element-2b46cc3 elementor-widget-divider--view-line elementor-widget elementor-widget-divider\" data-id=\"2b46cc3\" data-element_type=\"widget\" data-widget_type=\"divider.default\">\n\t\t\t\t<div class=\"elementor-widget-container\">\n\t\t\t\t\t\t\t<div class=\"elementor-divider\">\n\t\t\t<span class=\"elementor-divider-separator\">\n\t\t\t\t\t\t<\/span>\n\t\t<\/div>\n\t\t\t\t\t\t<\/div>\n\t\t\t\t<\/div>\n\t\t\t\t<div class=\"elementor-element elementor-element-08089f8 elementor-grid-1 elementor-posts--thumbnail-left elementor-grid-tablet-2 elementor-grid-mobile-1 elementor-widget elementor-widget-posts\" data-id=\"08089f8\" data-element_type=\"widget\" data-settings=\"{&quot;classic_columns&quot;:&quot;1&quot;,&quot;classic_columns_tablet&quot;:&quot;2&quot;,&quot;classic_columns_mobile&quot;:&quot;1&quot;,&quot;classic_row_gap&quot;:{&quot;unit&quot;:&quot;px&quot;,&quot;size&quot;:35,&quot;sizes&quot;:[]},&quot;classic_row_gap_tablet&quot;:{&quot;unit&quot;:&quot;px&quot;,&quot;size&quot;:&quot;&quot;,&quot;sizes&quot;:[]},&quot;classic_row_gap_mobile&quot;:{&quot;unit&quot;:&quot;px&quot;,&quot;size&quot;:&quot;&quot;,&quot;sizes&quot;:[]}}\" data-widget_type=\"posts.classic\">\n\t\t\t\t<div class=\"elementor-widget-container\">\n\t\t\t\t\t\t\t<div class=\"elementor-posts-container elementor-posts elementor-posts--skin-classic elementor-grid\">\n\t\t\t\t<article class=\"elementor-post elementor-grid-item post-7316 post type-post status-publish format-standard has-post-thumbnail hentry category-noticias\">\n\t\t\t\t<a class=\"elementor-post__thumbnail__link\" href=\"https:\/\/agroecologicos-amazonas.com\/proyecto-fund\/guardianes-de-la-agrobiodiversidad-de-legumbres-luya-amazonas\/\" tabindex=\"-1\" >\n\t\t\t<div class=\"elementor-post__thumbnail\"><img fetchpriority=\"high\" decoding=\"async\" width=\"2560\" height=\"1920\" src=\"https:\/\/agroecologicos-amazonas.com\/proyecto-fund\/wp-content\/uploads\/2024\/11\/IMG_20241109_162504_822-4-scaled.jpg\" class=\"attachment-full size-full wp-image-7324\" alt=\"\" srcset=\"https:\/\/agroecologicos-amazonas.com\/proyecto-fund\/wp-content\/uploads\/2024\/11\/IMG_20241109_162504_822-4-scaled.jpg 2560w, https:\/\/agroecologicos-amazonas.com\/proyecto-fund\/wp-content\/uploads\/2024\/11\/IMG_20241109_162504_822-4-300x225.jpg 300w\" sizes=\"(max-width:767px) 480px, (max-width:2560px) 100vw, 2560px\" \/><\/div>\n\t\t<\/a>\n\t\t\t\t<div class=\"elementor-post__text\">\n\t\t\t\t<h3 class=\"elementor-post__title\">\n\t\t\t<a href=\"https:\/\/agroecologicos-amazonas.com\/proyecto-fund\/guardianes-de-la-agrobiodiversidad-de-legumbres-luya-amazonas\/\" >\n\t\t\t\tGuardianes de la agrobiodiversidad de legumbres  Luya Amazonas\t\t\t<\/a>\n\t\t<\/h3>\n\t\t\t\t<div class=\"elementor-post__meta-data\">\n\t\t\t\t\t<span class=\"elementor-post-date\">\n\t\t\tnoviembre 27, 2024\t\t<\/span>\n\t\t\t\t<span class=\"elementor-post-avatar\">\n\t\t\tNo hay comentarios\t\t<\/span>\n\t\t\t\t<\/div>\n\t\t\t\t<div class=\"elementor-post__excerpt\">\n\t\t\t<p>Los guardianes de la agrobiodiversidad realizamos II Festival Regional de la Agrobiodiversidad se realiz\u00f3 en el Marco XIV FERAGRO Lamud 2024 los dias del 08 al<\/p>\n\t\t<\/div>\n\t\t\n\t\t<a class=\"elementor-post__read-more\" href=\"https:\/\/agroecologicos-amazonas.com\/proyecto-fund\/guardianes-de-la-agrobiodiversidad-de-legumbres-luya-amazonas\/\" aria-label=\"Read more about Guardianes de la agrobiodiversidad de legumbres  Luya Amazonas\" tabindex=\"-1\" >\n\t\t\tLEER M\u00c1S \u00bb\t\t<\/a>\n\n\t\t\t\t<\/div>\n\t\t\t\t<\/article>\n\t\t\t\t<article class=\"elementor-post elementor-grid-item post-7244 post type-post status-publish format-standard has-post-thumbnail hentry category-noticias\">\n\t\t\t\t<a class=\"elementor-post__thumbnail__link\" href=\"https:\/\/agroecologicos-amazonas.com\/proyecto-fund\/control-biologico-de-plagas-y-enfermedades-en-el-cultivo-de-tomate\/\" tabindex=\"-1\" >\n\t\t\t<div class=\"elementor-post__thumbnail\"><img decoding=\"async\" width=\"1280\" height=\"720\" src=\"https:\/\/agroecologicos-amazonas.com\/proyecto-fund\/wp-content\/uploads\/2022\/11\/galeria-11-1.jpeg\" class=\"attachment-full size-full wp-image-6988\" alt=\"\" srcset=\"https:\/\/agroecologicos-amazonas.com\/proyecto-fund\/wp-content\/uploads\/2022\/11\/galeria-11-1.jpeg 1280w, https:\/\/agroecologicos-amazonas.com\/proyecto-fund\/wp-content\/uploads\/2022\/11\/galeria-11-1-300x169.jpeg 300w, https:\/\/agroecologicos-amazonas.com\/proyecto-fund\/wp-content\/uploads\/2022\/11\/galeria-11-1-1024x576.jpeg 1024w, https:\/\/agroecologicos-amazonas.com\/proyecto-fund\/wp-content\/uploads\/2022\/11\/galeria-11-1-768x432.jpeg 768w, https:\/\/agroecologicos-amazonas.com\/proyecto-fund\/wp-content\/uploads\/2022\/11\/galeria-11-1-600x338.jpeg 600w\" sizes=\"(max-width:767px) 480px, (max-width:1280px) 100vw, 1280px\" \/><\/div>\n\t\t<\/a>\n\t\t\t\t<div class=\"elementor-post__text\">\n\t\t\t\t<h3 class=\"elementor-post__title\">\n\t\t\t<a href=\"https:\/\/agroecologicos-amazonas.com\/proyecto-fund\/control-biologico-de-plagas-y-enfermedades-en-el-cultivo-de-tomate\/\" >\n\t\t\t\tCONTROL BIOLOGICO DE PLAGAS Y ENFERMEDADES EN EL CULTIVO DE TOMATE\t\t\t<\/a>\n\t\t<\/h3>\n\t\t\t\t<div class=\"elementor-post__meta-data\">\n\t\t\t\t\t<span class=\"elementor-post-date\">\n\t\t\tseptiembre 19, 2023\t\t<\/span>\n\t\t\t\t<span class=\"elementor-post-avatar\">\n\t\t\tNo hay comentarios\t\t<\/span>\n\t\t\t\t<\/div>\n\t\t\t\t<div class=\"elementor-post__excerpt\">\n\t\t\t<p>Emetodos de control biologico\u00a0<\/p>\n\t\t<\/div>\n\t\t\n\t\t<a class=\"elementor-post__read-more\" href=\"https:\/\/agroecologicos-amazonas.com\/proyecto-fund\/control-biologico-de-plagas-y-enfermedades-en-el-cultivo-de-tomate\/\" aria-label=\"Read more about CONTROL BIOLOGICO DE PLAGAS Y ENFERMEDADES EN EL CULTIVO DE TOMATE\" tabindex=\"-1\" >\n\t\t\tLEER M\u00c1S \u00bb\t\t<\/a>\n\n\t\t\t\t<\/div>\n\t\t\t\t<\/article>\n\t\t\t\t<article class=\"elementor-post elementor-grid-item post-7238 post type-post status-publish format-standard has-post-thumbnail hentry category-noticias\">\n\t\t\t\t<a class=\"elementor-post__thumbnail__link\" href=\"https:\/\/agroecologicos-amazonas.com\/proyecto-fund\/manejo-de-poda-en-el-cultivo-de-platano\/\" tabindex=\"-1\" >\n\t\t\t<div class=\"elementor-post__thumbnail\"><img decoding=\"async\" width=\"1600\" height=\"900\" src=\"https:\/\/agroecologicos-amazonas.com\/proyecto-fund\/wp-content\/uploads\/2022\/11\/galeria-10.jpeg\" class=\"attachment-full size-full wp-image-6973\" alt=\"\" srcset=\"https:\/\/agroecologicos-amazonas.com\/proyecto-fund\/wp-content\/uploads\/2022\/11\/galeria-10.jpeg 1600w, https:\/\/agroecologicos-amazonas.com\/proyecto-fund\/wp-content\/uploads\/2022\/11\/galeria-10-300x169.jpeg 300w, https:\/\/agroecologicos-amazonas.com\/proyecto-fund\/wp-content\/uploads\/2022\/11\/galeria-10-1024x576.jpeg 1024w, https:\/\/agroecologicos-amazonas.com\/proyecto-fund\/wp-content\/uploads\/2022\/11\/galeria-10-768x432.jpeg 768w, https:\/\/agroecologicos-amazonas.com\/proyecto-fund\/wp-content\/uploads\/2022\/11\/galeria-10-1536x864.jpeg 1536w, https:\/\/agroecologicos-amazonas.com\/proyecto-fund\/wp-content\/uploads\/2022\/11\/galeria-10-600x338.jpeg 600w\" sizes=\"(max-width:767px) 480px, (max-width:1600px) 100vw, 1600px\" \/><\/div>\n\t\t<\/a>\n\t\t\t\t<div class=\"elementor-post__text\">\n\t\t\t\t<h3 class=\"elementor-post__title\">\n\t\t\t<a href=\"https:\/\/agroecologicos-amazonas.com\/proyecto-fund\/manejo-de-poda-en-el-cultivo-de-platano\/\" >\n\t\t\t\tMANEJO DE PODA EN EL CULTIVO DE PLATANO\t\t\t<\/a>\n\t\t<\/h3>\n\t\t\t\t<div class=\"elementor-post__meta-data\">\n\t\t\t\t\t<span class=\"elementor-post-date\">\n\t\t\tseptiembre 19, 2023\t\t<\/span>\n\t\t\t\t<span class=\"elementor-post-avatar\">\n\t\t\tNo hay comentarios\t\t<\/span>\n\t\t\t\t<\/div>\n\t\t\t\t<div class=\"elementor-post__excerpt\">\n\t\t\t<p>MANEJO DE PODAS EN EL CULLTIVO DE PLANO \u00a0Es una labor muy importante, ya que nos permite contyrolar gran parte de las enfermedades y las plagas\u00a0<\/p>\n\t\t<\/div>\n\t\t\n\t\t<a class=\"elementor-post__read-more\" href=\"https:\/\/agroecologicos-amazonas.com\/proyecto-fund\/manejo-de-poda-en-el-cultivo-de-platano\/\" aria-label=\"Read more about MANEJO DE PODA EN EL CULTIVO DE PLATANO\" tabindex=\"-1\" >\n\t\t\tLEER M\u00c1S \u00bb\t\t<\/a>\n\n\t\t\t\t<\/div>\n\t\t\t\t<\/article>\n\t\t\t\t<article class=\"elementor-post elementor-grid-item post-7146 post type-post status-publish format-standard has-post-thumbnail hentry category-noticias\">\n\t\t\t\t<a class=\"elementor-post__thumbnail__link\" href=\"https:\/\/agroecologicos-amazonas.com\/proyecto-fund\/modulos-de-capacitacion-de-mujeres-emprendedoras-de-lamud-amazonas\/\" tabindex=\"-1\" >\n\t\t\t<div class=\"elementor-post__thumbnail\"><img loading=\"lazy\" decoding=\"async\" width=\"2560\" height=\"2196\" src=\"https:\/\/agroecologicos-amazonas.com\/proyecto-fund\/wp-content\/uploads\/2022\/12\/IMG_20221211_155229_137-2-scaled.jpg\" class=\"attachment-full size-full wp-image-7153\" alt=\"\" srcset=\"https:\/\/agroecologicos-amazonas.com\/proyecto-fund\/wp-content\/uploads\/2022\/12\/IMG_20221211_155229_137-2-scaled.jpg 2560w, https:\/\/agroecologicos-amazonas.com\/proyecto-fund\/wp-content\/uploads\/2022\/12\/IMG_20221211_155229_137-2-300x257.jpg 300w, https:\/\/agroecologicos-amazonas.com\/proyecto-fund\/wp-content\/uploads\/2022\/12\/IMG_20221211_155229_137-2-1024x878.jpg 1024w, https:\/\/agroecologicos-amazonas.com\/proyecto-fund\/wp-content\/uploads\/2022\/12\/IMG_20221211_155229_137-2-768x659.jpg 768w, https:\/\/agroecologicos-amazonas.com\/proyecto-fund\/wp-content\/uploads\/2022\/12\/IMG_20221211_155229_137-2-1536x1317.jpg 1536w, https:\/\/agroecologicos-amazonas.com\/proyecto-fund\/wp-content\/uploads\/2022\/12\/IMG_20221211_155229_137-2-2048x1757.jpg 2048w, https:\/\/agroecologicos-amazonas.com\/proyecto-fund\/wp-content\/uploads\/2022\/12\/IMG_20221211_155229_137-2-600x515.jpg 600w\" sizes=\"(max-width:767px) 480px, (max-width:2560px) 100vw, 2560px\" \/><\/div>\n\t\t<\/a>\n\t\t\t\t<div class=\"elementor-post__text\">\n\t\t\t\t<h3 class=\"elementor-post__title\">\n\t\t\t<a href=\"https:\/\/agroecologicos-amazonas.com\/proyecto-fund\/modulos-de-capacitacion-de-mujeres-emprendedoras-de-lamud-amazonas\/\" >\n\t\t\t\tM\u00f3dulos de capacitaci\u00f3n de Mujeres Emprendedoras de L\u00e1mud &#8211; Amazonas\t\t\t<\/a>\n\t\t<\/h3>\n\t\t\t\t<div class=\"elementor-post__meta-data\">\n\t\t\t\t\t<span class=\"elementor-post-date\">\n\t\t\tdiciembre 15, 2022\t\t<\/span>\n\t\t\t\t<span class=\"elementor-post-avatar\">\n\t\t\tNo hay comentarios\t\t<\/span>\n\t\t\t\t<\/div>\n\t\t\t\t<div class=\"elementor-post__excerpt\">\n\t\t\t<p>M\u00f3dulos de sistemas de producci\u00f3n agroecologica en producci\u00f3n de Hortalizas con 45 mujeres liderases de Asociaci\u00f3n de Club de madres Emprendedoras de la Agrobiodiversidad de L\u00e1mud-<\/p>\n\t\t<\/div>\n\t\t\n\t\t<a class=\"elementor-post__read-more\" href=\"https:\/\/agroecologicos-amazonas.com\/proyecto-fund\/modulos-de-capacitacion-de-mujeres-emprendedoras-de-lamud-amazonas\/\" aria-label=\"Read more about M\u00f3dulos de capacitaci\u00f3n de Mujeres Emprendedoras de L\u00e1mud &#8211; Amazonas\" tabindex=\"-1\" >\n\t\t\tLEER M\u00c1S \u00bb\t\t<\/a>\n\n\t\t\t\t<\/div>\n\t\t\t\t<\/article>\n\t\t\t\t<article class=\"elementor-post elementor-grid-item post-7092 post type-post status-publish format-standard has-post-thumbnail hentry category-noticias\">\n\t\t\t\t<a class=\"elementor-post__thumbnail__link\" href=\"https:\/\/agroecologicos-amazonas.com\/proyecto-fund\/elementor-7092\/\" tabindex=\"-1\" >\n\t\t\t<div class=\"elementor-post__thumbnail\"><img loading=\"lazy\" decoding=\"async\" width=\"864\" height=\"576\" src=\"https:\/\/agroecologicos-amazonas.com\/proyecto-fund\/wp-content\/uploads\/2022\/11\/galeria-11.jpeg\" class=\"attachment-full size-full wp-image-6974\" alt=\"\" srcset=\"https:\/\/agroecologicos-amazonas.com\/proyecto-fund\/wp-content\/uploads\/2022\/11\/galeria-11.jpeg 864w, https:\/\/agroecologicos-amazonas.com\/proyecto-fund\/wp-content\/uploads\/2022\/11\/galeria-11-300x200.jpeg 300w, https:\/\/agroecologicos-amazonas.com\/proyecto-fund\/wp-content\/uploads\/2022\/11\/galeria-11-768x512.jpeg 768w, https:\/\/agroecologicos-amazonas.com\/proyecto-fund\/wp-content\/uploads\/2022\/11\/galeria-11-600x400.jpeg 600w\" sizes=\"(max-width:767px) 480px, (max-width:864px) 100vw, 864px\" \/><\/div>\n\t\t<\/a>\n\t\t\t\t<div class=\"elementor-post__text\">\n\t\t\t\t<h3 class=\"elementor-post__title\">\n\t\t\t<a href=\"https:\/\/agroecologicos-amazonas.com\/proyecto-fund\/elementor-7092\/\" >\n\t\t\t\tPrimer lanzamiento de la gastronom\u00eda en L\u00e1mud- Luya Amazonas Por las mujeres emprendedoras\t\t\t<\/a>\n\t\t<\/h3>\n\t\t\t\t<div class=\"elementor-post__meta-data\">\n\t\t\t\t\t<span class=\"elementor-post-date\">\n\t\t\tdiciembre 8, 2022\t\t<\/span>\n\t\t\t\t<span class=\"elementor-post-avatar\">\n\t\t\tNo hay comentarios\t\t<\/span>\n\t\t\t\t<\/div>\n\t\t\t\t<div class=\"elementor-post__excerpt\">\n\t\t\t<p>PRIMER LANZAMIENTO DE GASTRONOMIA EN LAMUD &#8211; AMAZONAS La Asociaci\u00f3n de Club de madres Emprendedoras de la Agro Biodiversidad de Lamud, existen lanzan un grupo de<\/p>\n\t\t<\/div>\n\t\t\n\t\t<a class=\"elementor-post__read-more\" href=\"https:\/\/agroecologicos-amazonas.com\/proyecto-fund\/elementor-7092\/\" aria-label=\"Read more about Primer lanzamiento de la gastronom\u00eda en L\u00e1mud- Luya Amazonas Por las mujeres emprendedoras\" tabindex=\"-1\" >\n\t\t\tLEER M\u00c1S \u00bb\t\t<\/a>\n\n\t\t\t\t<\/div>\n\t\t\t\t<\/article>\n\t\t\t\t<article class=\"elementor-post elementor-grid-item post-7078 post type-post status-publish format-standard has-post-thumbnail hentry category-noticias\">\n\t\t\t\t<a class=\"elementor-post__thumbnail__link\" href=\"https:\/\/agroecologicos-amazonas.com\/proyecto-fund\/nueva-entrada\/\" tabindex=\"-1\" >\n\t\t\t<div class=\"elementor-post__thumbnail\"><img loading=\"lazy\" decoding=\"async\" width=\"700\" height=\"466\" src=\"https:\/\/agroecologicos-amazonas.com\/proyecto-fund\/wp-content\/uploads\/2022\/11\/agricultura_hua\u0301nuco_spda1-700x466-1.jpg\" class=\"attachment-full size-full wp-image-6947\" alt=\"\" srcset=\"https:\/\/agroecologicos-amazonas.com\/proyecto-fund\/wp-content\/uploads\/2022\/11\/agricultura_hua\u0301nuco_spda1-700x466-1.jpg 700w, https:\/\/agroecologicos-amazonas.com\/proyecto-fund\/wp-content\/uploads\/2022\/11\/agricultura_hua\u0301nuco_spda1-700x466-1-300x200.jpg 300w, https:\/\/agroecologicos-amazonas.com\/proyecto-fund\/wp-content\/uploads\/2022\/11\/agricultura_hua\u0301nuco_spda1-700x466-1-600x399.jpg 600w\" sizes=\"(max-width:767px) 480px, 700px\" \/><\/div>\n\t\t<\/a>\n\t\t\t\t<div class=\"elementor-post__text\">\n\t\t\t\t<h3 class=\"elementor-post__title\">\n\t\t\t<a href=\"https:\/\/agroecologicos-amazonas.com\/proyecto-fund\/nueva-entrada\/\" >\n\t\t\t\tMujeres Guardianas de la Agrobiodiversidad de Chiara\t\t\t<\/a>\n\t\t<\/h3>\n\t\t\t\t<div class=\"elementor-post__meta-data\">\n\t\t\t\t\t<span class=\"elementor-post-date\">\n\t\t\tdiciembre 3, 2022\t\t<\/span>\n\t\t\t\t<span class=\"elementor-post-avatar\">\n\t\t\tNo hay comentarios\t\t<\/span>\n\t\t\t\t<\/div>\n\t\t\t\t<div class=\"elementor-post__excerpt\">\n\t\t\t<p>Las Mujeres de Guardianas de la agrobiodivertsidad de conservacionistas de semillas de papas nativas, despues haber cosechado lo guardan en los almacenes del mayo ahasta del<\/p>\n\t\t<\/div>\n\t\t\n\t\t<a class=\"elementor-post__read-more\" href=\"https:\/\/agroecologicos-amazonas.com\/proyecto-fund\/nueva-entrada\/\" aria-label=\"Read more about Mujeres Guardianas de la Agrobiodiversidad de Chiara\" tabindex=\"-1\" >\n\t\t\tLEER M\u00c1S \u00bb\t\t<\/a>\n\n\t\t\t\t<\/div>\n\t\t\t\t<\/article>\n\t\t\t\t<\/div>\n\t\t\n\t\t\t\t\t\t<\/div>\n\t\t\t\t<\/div>\n\t\t\t\t\t<\/div>\n\t\t<\/div>\n\t\t\t\t\t<\/div>\n\t\t<\/section>\n\t\t\t\t<section class=\"elementor-section elementor-top-section elementor-element elementor-element-3bfb92f elementor-section-boxed elementor-section-height-default elementor-section-height-default\" data-id=\"3bfb92f\" data-element_type=\"section\">\n\t\t\t\t\t\t<div class=\"elementor-container elementor-column-gap-default\">\n\t\t\t\t\t<div class=\"elementor-column elementor-col-100 elementor-top-column elementor-element elementor-element-9de7ffa\" data-id=\"9de7ffa\" data-element_type=\"column\">\n\t\t\t<div class=\"elementor-widget-wrap\">\n\t\t\t\t\t\t\t<\/div>\n\t\t<\/div>\n\t\t\t\t\t<\/div>\n\t\t<\/section>\n\t\t\t\t<\/div>\n\t\t","protected":false},"excerpt":{"rendered":"<p>Nuestras Ultimas Actividades<\/p>\n","protected":false},"author":2,"featured_media":0,"parent":0,"menu_order":0,"comment_status":"closed","ping_status":"closed","template":"","meta":{"footnotes":""},"class_list":["post-6999","page","type-page","status-publish","hentry"],"_links":{"self":[{"href":"https:\/\/agroecologicos-amazonas.com\/proyecto-fund\/wp-json\/wp\/v2\/pages\/6999","targetHints":{"allow":["GET"]}}],"collection":[{"href":"https:\/\/agroecologicos-amazonas.com\/proyecto-fund\/wp-json\/wp\/v2\/pages"}],"about":[{"href":"https:\/\/agroecologicos-amazonas.com\/proyecto-fund\/wp-json\/wp\/v2\/types\/page"}],"author":[{"embeddable":true,"href":"https:\/\/agroecologicos-amazonas.com\/proyecto-fund\/wp-json\/wp\/v2\/users\/2"}],"replies":[{"embeddable":true,"href":"https:\/\/agroecologicos-amazonas.com\/proyecto-fund\/wp-json\/wp\/v2\/comments?post=6999"}],"version-history":[{"count":37,"href":"https:\/\/agroecologicos-amazonas.com\/proyecto-fund\/wp-json\/wp\/v2\/pages\/6999\/revisions"}],"predecessor-version":[{"id":7689,"href":"https:\/\/agroecologicos-amazonas.com\/proyecto-fund\/wp-json\/wp\/v2\/pages\/6999\/revisions\/7689"}],"wp:attachment":[{"href":"https:\/\/agroecologicos-amazonas.com\/proyecto-fund\/wp-json\/wp\/v2\/media?parent=6999"}],"curies":[{"name":"wp","href":"https:\/\/api.w.org\/{rel}","templated":true}]}}